{"id":28,"date":"2020-10-30T19:51:58","date_gmt":"2020-10-30T19:51:58","guid":{"rendered":"http:\/\/www.cmasanturce.online\/?page_id=28"},"modified":"2026-03-28T00:50:48","modified_gmt":"2026-03-28T00:50:48","slug":"servicios","status":"publish","type":"page","link":"https:\/\/www.academia-candelaria.org\/index.php\/servicios\/","title":{"rendered":"Servicios"},"content":{"rendered":"\t\t<div data-elementor-type=\"wp-page\" data-elementor-id=\"28\" class=\"elementor elementor-28\">\n\t\t\t\t\t\t<section class=\"elementor-section elementor-top-section elementor-element elementor-element-0948064 elementor-section-boxed elementor-section-height-default elementor-section-height-default\" data-id=\"0948064\" data-element_type=\"section\" data-e-type=\"section\">\n\t\t\t\t\t\t<div class=\"elementor-container elementor-column-gap-default\">\n\t\t\t\t\t<div class=\"elementor-column elementor-col-100 elementor-top-column elementor-element elementor-element-cb4d84c\" data-id=\"cb4d84c\" data-element_type=\"column\" data-e-type=\"column\">\n\t\t\t<div class=\"elementor-widget-wrap elementor-element-populated\">\n\t\t\t\t\t\t<div class=\"elementor-element elementor-element-4844dcb elementor-widget elementor-widget-heading\" data-id=\"4844dcb\" data-element_type=\"widget\" data-e-type=\"widget\" data-widget_type=\"heading.default\">\n\t\t\t\t\t<h2 class=\"elementor-heading-title elementor-size-default\">Programa Acad\u00e9mico Completo<\/h2>\t\t\t\t<\/div>\n\t\t\t\t\t<\/div>\n\t\t<\/div>\n\t\t\t\t\t<\/div>\n\t\t<\/section>\n\t\t\t\t<section class=\"elementor-section elementor-top-section elementor-element elementor-element-fc5481b elementor-section-boxed elementor-section-height-default elementor-section-height-default\" data-id=\"fc5481b\" data-element_type=\"section\" data-e-type=\"section\">\n\t\t\t\t\t\t<div class=\"elementor-container elementor-column-gap-default\">\n\t\t\t\t\t<div class=\"elementor-column elementor-col-33 elementor-top-column elementor-element elementor-element-0bb67bf\" data-id=\"0bb67bf\" data-element_type=\"column\" data-e-type=\"column\">\n\t\t\t<div class=\"elementor-widget-wrap elementor-element-populated\">\n\t\t\t\t\t\t<div class=\"elementor-element elementor-element-001f74c elementor-widget elementor-widget-image\" data-id=\"001f74c\" data-element_type=\"widget\" data-e-type=\"widget\" data-widget_type=\"image.default\">\n\t\t\t\t\t\t\t\t\t\t\t\t\t\t\t<img fetchpriority=\"high\" decoding=\"async\" width=\"640\" height=\"480\" src=\"https:\/\/www.academia-candelaria.org\/wp-content\/uploads\/2026\/03\/I-love-acc-1024x768.jpg\" class=\"attachment-large size-large wp-image-11749\" alt=\"\" srcset=\"https:\/\/www.academia-candelaria.org\/wp-content\/uploads\/2026\/03\/I-love-acc-1024x768.jpg 1024w, https:\/\/www.academia-candelaria.org\/wp-content\/uploads\/2026\/03\/I-love-acc-300x225.jpg 300w, https:\/\/www.academia-candelaria.org\/wp-content\/uploads\/2026\/03\/I-love-acc-768x576.jpg 768w, https:\/\/www.academia-candelaria.org\/wp-content\/uploads\/2026\/03\/I-love-acc-1536x1152.jpg 1536w, https:\/\/www.academia-candelaria.org\/wp-content\/uploads\/2026\/03\/I-love-acc.jpg 1600w\" sizes=\"(max-width: 640px) 100vw, 640px\" \/>\t\t\t\t\t\t\t\t\t\t\t\t\t\t\t<\/div>\n\t\t\t\t\t<\/div>\n\t\t<\/div>\n\t\t\t\t<div class=\"elementor-column elementor-col-66 elementor-top-column elementor-element elementor-element-d761ac4\" data-id=\"d761ac4\" data-element_type=\"column\" data-e-type=\"column\">\n\t\t\t<div class=\"elementor-widget-wrap elementor-element-populated\">\n\t\t\t\t\t\t<div class=\"elementor-element elementor-element-15680f1 elementor-widget elementor-widget-text-editor\" data-id=\"15680f1\" data-element_type=\"widget\" data-e-type=\"widget\" data-widget_type=\"text-editor.default\">\n\t\t\t\t\t\t\t\t\t<h3>Contamos con un ofrecimiento educativo completo:<\/h3><h3>&#8211;\u00a0 Pre-Escolar\u00a0<\/h3><h3>&#8211;\u00a0 Elemental<\/h3><h3>&#8211;\u00a0 Intermedia<\/h3><h3>&#8211;\u00a0 Superior<\/h3>\t\t\t\t\t\t\t\t<\/div>\n\t\t\t\t\t<\/div>\n\t\t<\/div>\n\t\t\t\t\t<\/div>\n\t\t<\/section>\n\t\t<div class=\"elementor-element elementor-element-591c229 e-flex e-con-boxed e-con e-parent\" data-id=\"591c229\" data-element_type=\"container\" data-e-type=\"container\">\n\t\t\t\t\t<div class=\"e-con-inner\">\n\t\t\t\t<div class=\"elementor-element elementor-element-e80b893 elementor-widget elementor-widget-spacer\" data-id=\"e80b893\" data-element_type=\"widget\" data-e-type=\"widget\" data-widget_type=\"spacer.default\">\n\t\t\t\t\t\t\t<div class=\"elementor-spacer\">\n\t\t\t<div class=\"elementor-spacer-inner\"><\/div>\n\t\t<\/div>\n\t\t\t\t\t\t<\/div>\n\t\t\t\t\t<\/div>\n\t\t\t\t<\/div>\n\t\t\t\t<section class=\"elementor-section elementor-top-section elementor-element elementor-element-53575bf elementor-section-boxed elementor-section-height-default elementor-section-height-default\" data-id=\"53575bf\" data-element_type=\"section\" data-e-type=\"section\">\n\t\t\t\t\t\t<div class=\"elementor-container elementor-column-gap-default\">\n\t\t\t\t\t<div class=\"elementor-column elementor-col-100 elementor-top-column elementor-element elementor-element-0c7f5ff\" data-id=\"0c7f5ff\" data-element_type=\"column\" data-e-type=\"column\">\n\t\t\t<div class=\"elementor-widget-wrap elementor-element-populated\">\n\t\t\t\t\t\t<div class=\"elementor-element elementor-element-eb0182b elementor-widget elementor-widget-heading\" data-id=\"eb0182b\" data-element_type=\"widget\" data-e-type=\"widget\" data-widget_type=\"heading.default\">\n\t\t\t\t\t<h2 class=\"elementor-heading-title elementor-size-default\">Deportes<\/h2>\t\t\t\t<\/div>\n\t\t\t\t\t<\/div>\n\t\t<\/div>\n\t\t\t\t\t<\/div>\n\t\t<\/section>\n\t\t\t\t<section class=\"elementor-section elementor-top-section elementor-element elementor-element-a3fb16f elementor-section-boxed elementor-section-height-default elementor-section-height-default\" data-id=\"a3fb16f\" data-element_type=\"section\" data-e-type=\"section\">\n\t\t\t\t\t\t<div class=\"elementor-container elementor-column-gap-default\">\n\t\t\t\t\t<div class=\"elementor-column elementor-col-66 elementor-top-column elementor-element elementor-element-5e8d565\" data-id=\"5e8d565\" data-element_type=\"column\" data-e-type=\"column\">\n\t\t\t<div class=\"elementor-widget-wrap elementor-element-populated\">\n\t\t\t\t\t\t<div class=\"elementor-element elementor-element-e4232bb elementor-widget elementor-widget-text-editor\" data-id=\"e4232bb\" data-element_type=\"widget\" data-e-type=\"widget\" data-widget_type=\"text-editor.default\">\n\t\t\t\t\t\t\t\t\t<h3>Contamos con diversos programas de deportes para el desarrollo acad\u00e9mico, atl\u00e9tico e integral del estudiante.\u00a0 \u00a0Nuestra Academia cuenta con participaci\u00f3n deportiva en Baloncesto, Volleyball y Atletismo.<\/h3><div>\u00a0<\/div><div>\u00a0<\/div>\t\t\t\t\t\t\t\t<\/div>\n\t\t\t\t\t<\/div>\n\t\t<\/div>\n\t\t\t\t<div class=\"elementor-column elementor-col-33 elementor-top-column elementor-element elementor-element-8b926ce\" data-id=\"8b926ce\" data-element_type=\"column\" data-e-type=\"column\">\n\t\t\t<div class=\"elementor-widget-wrap elementor-element-populated\">\n\t\t\t\t\t\t<div class=\"elementor-element elementor-element-36fc84d elementor-widget elementor-widget-image\" data-id=\"36fc84d\" data-element_type=\"widget\" data-e-type=\"widget\" data-widget_type=\"image.default\">\n\t\t\t\t\t\t\t\t\t\t\t\t\t\t\t\t<a href=\"https:\/\/www.facebook.com\/ACCdeportes\/\">\n\t\t\t\t\t\t\t<img decoding=\"async\" width=\"640\" height=\"640\" src=\"https:\/\/www.academia-candelaria.org\/wp-content\/uploads\/2026\/03\/ACC-deportes.jpg\" class=\"attachment-large size-large wp-image-11750\" alt=\"\" srcset=\"https:\/\/www.academia-candelaria.org\/wp-content\/uploads\/2026\/03\/ACC-deportes.jpg 960w, https:\/\/www.academia-candelaria.org\/wp-content\/uploads\/2026\/03\/ACC-deportes-300x300.jpg 300w, https:\/\/www.academia-candelaria.org\/wp-content\/uploads\/2026\/03\/ACC-deportes-150x150.jpg 150w, https:\/\/www.academia-candelaria.org\/wp-content\/uploads\/2026\/03\/ACC-deportes-768x768.jpg 768w\" sizes=\"(max-width: 640px) 100vw, 640px\" \/>\t\t\t\t\t\t\t\t<\/a>\n\t\t\t\t\t\t\t\t\t\t\t\t\t\t\t<\/div>\n\t\t\t\t\t<\/div>\n\t\t<\/div>\n\t\t\t\t\t<\/div>\n\t\t<\/section>\n\t\t<div class=\"elementor-element elementor-element-9da96b4 e-flex e-con-boxed e-con e-parent\" data-id=\"9da96b4\" data-element_type=\"container\" data-e-type=\"container\">\n\t\t\t\t\t<div class=\"e-con-inner\">\n\t\t\t\t<div class=\"elementor-element elementor-element-31c0e35 elementor-widget elementor-widget-spacer\" data-id=\"31c0e35\" data-element_type=\"widget\" data-e-type=\"widget\" data-widget_type=\"spacer.default\">\n\t\t\t\t\t\t\t<div class=\"elementor-spacer\">\n\t\t\t<div class=\"elementor-spacer-inner\"><\/div>\n\t\t<\/div>\n\t\t\t\t\t\t<\/div>\n\t\t\t\t\t<\/div>\n\t\t\t\t<\/div>\n\t\t\t\t<section class=\"elementor-section elementor-top-section elementor-element elementor-element-950f4f6 elementor-section-boxed elementor-section-height-default elementor-section-height-default\" data-id=\"950f4f6\" data-element_type=\"section\" data-e-type=\"section\">\n\t\t\t\t\t\t<div class=\"elementor-container elementor-column-gap-default\">\n\t\t\t\t\t<div class=\"elementor-column elementor-col-100 elementor-top-column elementor-element elementor-element-67075e3\" data-id=\"67075e3\" data-element_type=\"column\" data-e-type=\"column\">\n\t\t\t<div class=\"elementor-widget-wrap elementor-element-populated\">\n\t\t\t\t\t\t<div class=\"elementor-element elementor-element-8ea129b elementor-widget elementor-widget-heading\" data-id=\"8ea129b\" data-element_type=\"widget\" data-e-type=\"widget\" data-widget_type=\"heading.default\">\n\t\t\t\t\t<h2 class=\"elementor-heading-title elementor-size-default\">Educaci\u00f3n en L\u00ednea<\/h2>\t\t\t\t<\/div>\n\t\t\t\t\t<\/div>\n\t\t<\/div>\n\t\t\t\t\t<\/div>\n\t\t<\/section>\n\t\t\t\t<section class=\"elementor-section elementor-top-section elementor-element elementor-element-b6031cc elementor-section-boxed elementor-section-height-default elementor-section-height-default\" data-id=\"b6031cc\" data-element_type=\"section\" data-e-type=\"section\">\n\t\t\t\t\t\t<div class=\"elementor-container elementor-column-gap-default\">\n\t\t\t\t\t<div class=\"elementor-column elementor-col-33 elementor-top-column elementor-element elementor-element-52aa20d\" data-id=\"52aa20d\" data-element_type=\"column\" data-e-type=\"column\">\n\t\t\t<div class=\"elementor-widget-wrap elementor-element-populated\">\n\t\t\t\t\t\t<div class=\"elementor-element elementor-element-ebe9c1b elementor-widget elementor-widget-image\" data-id=\"ebe9c1b\" data-element_type=\"widget\" data-e-type=\"widget\" data-widget_type=\"image.default\">\n\t\t\t\t\t\t\t\t\t\t\t\t\t\t\t<img decoding=\"async\" width=\"640\" height=\"399\" src=\"https:\/\/www.academia-candelaria.org\/wp-content\/uploads\/2026\/03\/compu-1024x638.jpg\" class=\"attachment-large size-large wp-image-11753\" alt=\"\" srcset=\"https:\/\/www.academia-candelaria.org\/wp-content\/uploads\/2026\/03\/compu-1024x638.jpg 1024w, https:\/\/www.academia-candelaria.org\/wp-content\/uploads\/2026\/03\/compu-300x187.jpg 300w, https:\/\/www.academia-candelaria.org\/wp-content\/uploads\/2026\/03\/compu-768x478.jpg 768w, https:\/\/www.academia-candelaria.org\/wp-content\/uploads\/2026\/03\/compu.jpg 1519w\" sizes=\"(max-width: 640px) 100vw, 640px\" \/>\t\t\t\t\t\t\t\t\t\t\t\t\t\t\t<\/div>\n\t\t\t\t\t<\/div>\n\t\t<\/div>\n\t\t\t\t<div class=\"elementor-column elementor-col-66 elementor-top-column elementor-element elementor-element-ac0ade9\" data-id=\"ac0ade9\" data-element_type=\"column\" data-e-type=\"column\">\n\t\t\t<div class=\"elementor-widget-wrap elementor-element-populated\">\n\t\t\t\t\t\t<div class=\"elementor-element elementor-element-474bb96 elementor-widget elementor-widget-text-editor\" data-id=\"474bb96\" data-element_type=\"widget\" data-e-type=\"widget\" data-widget_type=\"text-editor.default\">\n\t\t\t\t\t\t\t\t\t<h3>Contamos con la plataformas MS Teams y G-Learn para poder brindar una educaci\u00f3n completamente en l\u00ednea.\u00a0 \u00a0Adem\u00e1s todos nuestros estudiantes y facultad cuentam con licencias de MS Office para completar sus trabajos de manera electr\u00f3nica.<\/h3>\t\t\t\t\t\t\t\t<\/div>\n\t\t\t\t\t<\/div>\n\t\t<\/div>\n\t\t\t\t\t<\/div>\n\t\t<\/section>\n\t\t<div class=\"elementor-element elementor-element-c12a5c6 e-flex e-con-boxed e-con e-parent\" data-id=\"c12a5c6\" data-element_type=\"container\" data-e-type=\"container\">\n\t\t\t\t\t<div class=\"e-con-inner\">\n\t\t\t\t<div class=\"elementor-element elementor-element-158cccc elementor-widget elementor-widget-spacer\" data-id=\"158cccc\" data-element_type=\"widget\" data-e-type=\"widget\" data-widget_type=\"spacer.default\">\n\t\t\t\t\t\t\t<div class=\"elementor-spacer\">\n\t\t\t<div class=\"elementor-spacer-inner\"><\/div>\n\t\t<\/div>\n\t\t\t\t\t\t<\/div>\n\t\t\t\t\t<\/div>\n\t\t\t\t<\/div>\n\t\t\t\t<section class=\"elementor-section elementor-top-section elementor-element elementor-element-42aab30 elementor-section-boxed elementor-section-height-default elementor-section-height-default\" data-id=\"42aab30\" data-element_type=\"section\" data-e-type=\"section\">\n\t\t\t\t\t\t<div class=\"elementor-container elementor-column-gap-default\">\n\t\t\t\t\t<div class=\"elementor-column elementor-col-100 elementor-top-column elementor-element elementor-element-2271e18\" data-id=\"2271e18\" data-element_type=\"column\" data-e-type=\"column\">\n\t\t\t<div class=\"elementor-widget-wrap elementor-element-populated\">\n\t\t\t\t\t\t<div class=\"elementor-element elementor-element-2fd7a5e elementor-widget elementor-widget-heading\" data-id=\"2fd7a5e\" data-element_type=\"widget\" data-e-type=\"widget\" data-widget_type=\"heading.default\">\n\t\t\t\t\t<h2 class=\"elementor-heading-title elementor-size-default\">Orientaci\u00f3n y Consejer\u00eda<\/h2>\t\t\t\t<\/div>\n\t\t\t\t\t<\/div>\n\t\t<\/div>\n\t\t\t\t\t<\/div>\n\t\t<\/section>\n\t\t\t\t<section class=\"elementor-section elementor-top-section elementor-element elementor-element-6f25c92 elementor-section-boxed elementor-section-height-default elementor-section-height-default\" data-id=\"6f25c92\" data-element_type=\"section\" data-e-type=\"section\">\n\t\t\t\t\t\t<div class=\"elementor-container elementor-column-gap-default\">\n\t\t\t\t\t<div class=\"elementor-column elementor-col-66 elementor-top-column elementor-element elementor-element-e6c5584\" data-id=\"e6c5584\" data-element_type=\"column\" data-e-type=\"column\">\n\t\t\t<div class=\"elementor-widget-wrap elementor-element-populated\">\n\t\t\t\t\t\t<div class=\"elementor-element elementor-element-dc2c236 elementor-widget elementor-widget-text-editor\" data-id=\"dc2c236\" data-element_type=\"widget\" data-e-type=\"widget\" data-widget_type=\"text-editor.default\">\n\t\t\t\t\t\t\t\t\t<h3>Contamos con servicios de consejer\u00eda y orientaci\u00f3n acad\u00e9mica para el aprovecho m\u00e1ximo acad\u00e9mico del estudiante.<\/h3>\t\t\t\t\t\t\t\t<\/div>\n\t\t\t\t\t<\/div>\n\t\t<\/div>\n\t\t\t\t<div class=\"elementor-column elementor-col-33 elementor-top-column elementor-element elementor-element-cc3f308\" data-id=\"cc3f308\" data-element_type=\"column\" data-e-type=\"column\">\n\t\t\t<div class=\"elementor-widget-wrap elementor-element-populated\">\n\t\t\t\t\t\t<div class=\"elementor-element elementor-element-5c9f770 elementor-widget elementor-widget-image\" data-id=\"5c9f770\" data-element_type=\"widget\" data-e-type=\"widget\" data-widget_type=\"image.default\">\n\t\t\t\t\t\t\t\t\t\t\t\t\t\t\t<img decoding=\"async\" src=\"http:\/\/www.gradesgarden.net\/webdemo\/wp-content\/uploads\/2021\/02\/videoconference-scaled.jpg\" title=\"\" alt=\"\" loading=\"lazy\" \/>\t\t\t\t\t\t\t\t\t\t\t\t\t\t\t<\/div>\n\t\t\t\t\t<\/div>\n\t\t<\/div>\n\t\t\t\t\t<\/div>\n\t\t<\/section>\n\t\t<div class=\"elementor-element elementor-element-438a5b3 e-flex e-con-boxed e-con e-parent\" data-id=\"438a5b3\" data-element_type=\"container\" data-e-type=\"container\">\n\t\t\t\t\t<div class=\"e-con-inner\">\n\t\t\t\t<div class=\"elementor-element elementor-element-93bc4ec elementor-widget elementor-widget-spacer\" data-id=\"93bc4ec\" data-element_type=\"widget\" data-e-type=\"widget\" data-widget_type=\"spacer.default\">\n\t\t\t\t\t\t\t<div class=\"elementor-spacer\">\n\t\t\t<div class=\"elementor-spacer-inner\"><\/div>\n\t\t<\/div>\n\t\t\t\t\t\t<\/div>\n\t\t\t\t\t<\/div>\n\t\t\t\t<\/div>\n\t\t\t\t<section class=\"elementor-section elementor-top-section elementor-element elementor-element-19bc26c elementor-section-boxed elementor-section-height-default elementor-section-height-default\" data-id=\"19bc26c\" data-element_type=\"section\" data-e-type=\"section\">\n\t\t\t\t\t\t<div class=\"elementor-container elementor-column-gap-default\">\n\t\t\t\t\t<div class=\"elementor-column elementor-col-100 elementor-top-column elementor-element elementor-element-35c7291\" data-id=\"35c7291\" data-element_type=\"column\" data-e-type=\"column\">\n\t\t\t<div class=\"elementor-widget-wrap elementor-element-populated\">\n\t\t\t\t\t\t<div class=\"elementor-element elementor-element-8d74d0c elementor-widget elementor-widget-heading\" data-id=\"8d74d0c\" data-element_type=\"widget\" data-e-type=\"widget\" data-widget_type=\"heading.default\">\n\t\t\t\t\t<h2 class=\"elementor-heading-title elementor-size-default\">Biblioteca<\/h2>\t\t\t\t<\/div>\n\t\t\t\t\t<\/div>\n\t\t<\/div>\n\t\t\t\t\t<\/div>\n\t\t<\/section>\n\t\t\t\t<section class=\"elementor-section elementor-top-section elementor-element elementor-element-8197f35 elementor-section-boxed elementor-section-height-default elementor-section-height-default\" data-id=\"8197f35\" data-element_type=\"section\" data-e-type=\"section\">\n\t\t\t\t\t\t<div class=\"elementor-container elementor-column-gap-default\">\n\t\t\t\t\t<div class=\"elementor-column elementor-col-33 elementor-top-column elementor-element elementor-element-3b16fae\" data-id=\"3b16fae\" data-element_type=\"column\" data-e-type=\"column\">\n\t\t\t<div class=\"elementor-widget-wrap elementor-element-populated\">\n\t\t\t\t\t\t<div class=\"elementor-element elementor-element-e2a070a elementor-widget elementor-widget-image\" data-id=\"e2a070a\" data-element_type=\"widget\" data-e-type=\"widget\" data-widget_type=\"image.default\">\n\t\t\t\t\t\t\t\t\t\t\t\t\t\t\t<img loading=\"lazy\" decoding=\"async\" width=\"640\" height=\"313\" src=\"https:\/\/www.academia-candelaria.org\/wp-content\/uploads\/2026\/03\/biblioteca-1024x501.jpg\" class=\"attachment-large size-large wp-image-11751\" alt=\"\" srcset=\"https:\/\/www.academia-candelaria.org\/wp-content\/uploads\/2026\/03\/biblioteca-1024x501.jpg 1024w, https:\/\/www.academia-candelaria.org\/wp-content\/uploads\/2026\/03\/biblioteca-300x147.jpg 300w, https:\/\/www.academia-candelaria.org\/wp-content\/uploads\/2026\/03\/biblioteca-768x376.jpg 768w, https:\/\/www.academia-candelaria.org\/wp-content\/uploads\/2026\/03\/biblioteca-1536x751.jpg 1536w, https:\/\/www.academia-candelaria.org\/wp-content\/uploads\/2026\/03\/biblioteca.jpg 1644w\" sizes=\"(max-width: 640px) 100vw, 640px\" \/>\t\t\t\t\t\t\t\t\t\t\t\t\t\t\t<\/div>\n\t\t\t\t\t<\/div>\n\t\t<\/div>\n\t\t\t\t<div class=\"elementor-column elementor-col-66 elementor-top-column elementor-element elementor-element-59e927c\" data-id=\"59e927c\" data-element_type=\"column\" data-e-type=\"column\">\n\t\t\t<div class=\"elementor-widget-wrap elementor-element-populated\">\n\t\t\t\t\t\t<div class=\"elementor-element elementor-element-a362f77 elementor-widget elementor-widget-text-editor\" data-id=\"a362f77\" data-element_type=\"widget\" data-e-type=\"widget\" data-widget_type=\"text-editor.default\">\n\t\t\t\t\t\t\t\t\t<h3>Contamos con servicios de biblioteca para que el estudiante pueda acceder a cualquier informaci\u00f3n necesaria para sus estudios.<\/h3>\t\t\t\t\t\t\t\t<\/div>\n\t\t\t\t\t<\/div>\n\t\t<\/div>\n\t\t\t\t\t<\/div>\n\t\t<\/section>\n\t\t<div class=\"elementor-element elementor-element-8691836 e-flex e-con-boxed e-con e-parent\" data-id=\"8691836\" data-element_type=\"container\" data-e-type=\"container\">\n\t\t\t\t\t<div class=\"e-con-inner\">\n\t\t\t\t<div class=\"elementor-element elementor-element-1b17b68 elementor-widget elementor-widget-spacer\" data-id=\"1b17b68\" data-element_type=\"widget\" data-e-type=\"widget\" data-widget_type=\"spacer.default\">\n\t\t\t\t\t\t\t<div class=\"elementor-spacer\">\n\t\t\t<div class=\"elementor-spacer-inner\"><\/div>\n\t\t<\/div>\n\t\t\t\t\t\t<\/div>\n\t\t\t\t\t<\/div>\n\t\t\t\t<\/div>\n\t\t\t\t<section class=\"elementor-section elementor-top-section elementor-element elementor-element-6e7beeb elementor-section-boxed elementor-section-height-default elementor-section-height-default\" data-id=\"6e7beeb\" data-element_type=\"section\" data-e-type=\"section\">\n\t\t\t\t\t\t<div class=\"elementor-container elementor-column-gap-default\">\n\t\t\t\t\t<div class=\"elementor-column elementor-col-100 elementor-top-column elementor-element elementor-element-08f6af1\" data-id=\"08f6af1\" data-element_type=\"column\" data-e-type=\"column\">\n\t\t\t<div class=\"elementor-widget-wrap elementor-element-populated\">\n\t\t\t\t\t\t<div class=\"elementor-element elementor-element-b0755ba elementor-widget elementor-widget-heading\" data-id=\"b0755ba\" data-element_type=\"widget\" data-e-type=\"widget\" data-widget_type=\"heading.default\">\n\t\t\t\t\t<h2 class=\"elementor-heading-title elementor-size-default\">Monitoreo de Notas<\/h2>\t\t\t\t<\/div>\n\t\t\t\t\t<\/div>\n\t\t<\/div>\n\t\t\t\t\t<\/div>\n\t\t<\/section>\n\t\t\t\t<section class=\"elementor-section elementor-top-section elementor-element elementor-element-a30e01b elementor-section-boxed elementor-section-height-default elementor-section-height-default\" data-id=\"a30e01b\" data-element_type=\"section\" data-e-type=\"section\">\n\t\t\t\t\t\t<div class=\"elementor-container elementor-column-gap-default\">\n\t\t\t\t\t<div class=\"elementor-column elementor-col-66 elementor-top-column elementor-element elementor-element-edae852\" data-id=\"edae852\" data-element_type=\"column\" data-e-type=\"column\">\n\t\t\t<div class=\"elementor-widget-wrap elementor-element-populated\">\n\t\t\t\t\t\t<div class=\"elementor-element elementor-element-e911846 elementor-widget elementor-widget-text-editor\" data-id=\"e911846\" data-element_type=\"widget\" data-e-type=\"widget\" data-widget_type=\"text-editor.default\">\n\t\t\t\t\t\t\t\t\t<h3>Con Grades Garden puede estar al tanto del aprovechamiento acad\u00e9mico de su hijo\/hija y acceder a sus notas, evaluaciones y las actividades escolares del estudiante.<\/h3>\t\t\t\t\t\t\t\t<\/div>\n\t\t\t\t\t<\/div>\n\t\t<\/div>\n\t\t\t\t<div class=\"elementor-column elementor-col-33 elementor-top-column elementor-element elementor-element-b3a033f\" data-id=\"b3a033f\" data-element_type=\"column\" data-e-type=\"column\">\n\t\t\t<div class=\"elementor-widget-wrap elementor-element-populated\">\n\t\t\t\t\t\t<div class=\"elementor-element elementor-element-ea086ed elementor-widget elementor-widget-image\" data-id=\"ea086ed\" data-element_type=\"widget\" data-e-type=\"widget\" data-widget_type=\"image.default\">\n\t\t\t\t\t\t\t\t\t\t\t\t\t\t\t<img decoding=\"async\" src=\"http:\/\/www.gradesgarden.net\/webdemo\/wp-content\/uploads\/2021\/02\/GGLaptopMockup3-scaled.jpg\" title=\"\" alt=\"\" loading=\"lazy\" \/>\t\t\t\t\t\t\t\t\t\t\t\t\t\t\t<\/div>\n\t\t\t\t\t<\/div>\n\t\t<\/div>\n\t\t\t\t\t<\/div>\n\t\t<\/section>\n\t\t<div class=\"elementor-element elementor-element-b46114f e-flex e-con-boxed e-con e-parent\" data-id=\"b46114f\" data-element_type=\"container\" data-e-type=\"container\">\n\t\t\t\t\t<div class=\"e-con-inner\">\n\t\t\t\t<div class=\"elementor-element elementor-element-d6a24b7 elementor-widget elementor-widget-spacer\" data-id=\"d6a24b7\" data-element_type=\"widget\" data-e-type=\"widget\" data-widget_type=\"spacer.default\">\n\t\t\t\t\t\t\t<div class=\"elementor-spacer\">\n\t\t\t<div class=\"elementor-spacer-inner\"><\/div>\n\t\t<\/div>\n\t\t\t\t\t\t<\/div>\n\t\t\t\t\t<\/div>\n\t\t\t\t<\/div>\n\t\t\t\t<\/div>\n\t\t","protected":false},"excerpt":{"rendered":"<p>Programa Acad\u00e9mico Completo Contamos con un ofrecimiento educativo completo: &#8211;\u00a0 Pre-Escolar\u00a0 &#8211;\u00a0 Elemental &#8211;\u00a0 Intermedia &#8211;\u00a0 Superior Deportes Contamos con diversos programas de deportes para el desarrollo acad\u00e9mico, atl\u00e9tico e integral del estudiante.\u00a0 \u00a0Nuestra Academia cuenta con participaci\u00f3n deportiva en Baloncesto, Volleyball y Atletismo. \u00a0\u00a0 Educaci\u00f3n en L\u00ednea Contamos con la plataformas MS Teams y G-Learn para poder brindar una [&hellip;]<\/p>\n","protected":false},"author":1,"featured_media":0,"parent":0,"menu_order":0,"comment_status":"closed","ping_status":"closed","template":"elementor_header_footer","meta":{"_eb_attr":"","footnotes":""},"class_list":["post-28","page","type-page","status-publish","hentry"],"_links":{"self":[{"href":"https:\/\/www.academia-candelaria.org\/index.php\/wp-json\/wp\/v2\/pages\/28","targetHints":{"allow":["GET"]}}],"collection":[{"href":"https:\/\/www.academia-candelaria.org\/index.php\/wp-json\/wp\/v2\/pages"}],"about":[{"href":"https:\/\/www.academia-candelaria.org\/index.php\/wp-json\/wp\/v2\/types\/page"}],"author":[{"embeddable":true,"href":"https:\/\/www.academia-candelaria.org\/index.php\/wp-json\/wp\/v2\/users\/1"}],"replies":[{"embeddable":true,"href":"https:\/\/www.academia-candelaria.org\/index.php\/wp-json\/wp\/v2\/comments?post=28"}],"version-history":[{"count":12,"href":"https:\/\/www.academia-candelaria.org\/index.php\/wp-json\/wp\/v2\/pages\/28\/revisions"}],"predecessor-version":[{"id":11757,"href":"https:\/\/www.academia-candelaria.org\/index.php\/wp-json\/wp\/v2\/pages\/28\/revisions\/11757"}],"wp:attachment":[{"href":"https:\/\/www.academia-candelaria.org\/index.php\/wp-json\/wp\/v2\/media?parent=28"}],"curies":[{"name":"wp","href":"https:\/\/api.w.org\/{rel}","templated":true}]}}