{"id":26,"date":"2020-10-30T19:51:24","date_gmt":"2020-10-30T19:51:24","guid":{"rendered":"http:\/\/www.cmasanturce.online\/?page_id=26"},"modified":"2025-09-12T14:30:40","modified_gmt":"2025-09-12T14:30:40","slug":"portales","status":"publish","type":"page","link":"https:\/\/www.academia-candelaria.org\/index.php\/portales\/","title":{"rendered":"Portales"},"content":{"rendered":"\t\t<div data-elementor-type=\"wp-page\" data-elementor-id=\"26\" class=\"elementor elementor-26\">\n\t\t\t\t<div class=\"elementor-element elementor-element-f6d69c5 e-flex e-con-boxed e-con e-parent\" data-id=\"f6d69c5\" data-element_type=\"container\" data-e-type=\"container\">\n\t\t\t\t\t<div class=\"e-con-inner\">\n\t\t<div class=\"elementor-element elementor-element-f6b321a e-con-full e-flex e-con e-child\" data-id=\"f6b321a\" data-element_type=\"container\" data-e-type=\"container\">\n\t\t<div class=\"elementor-element elementor-element-f14a4bf e-con-full e-flex e-con e-child\" data-id=\"f14a4bf\" data-element_type=\"container\" data-e-type=\"container\">\n\t\t\t\t<div class=\"elementor-element elementor-element-cdf6679 elementor-widget elementor-widget-prime-slider-general\" data-id=\"cdf6679\" data-element_type=\"widget\" data-e-type=\"widget\" data-widget_type=\"prime-slider-general.slide\">\n\t\t\t\t\t\t\t\t<div class=\"bdt-prime-slider\">\n\t\t\t\t<div class=\"bdt-prime-slider-skin-slide\">\n\n\t\t\t\t<div class=\"bdt-position-relative bdt-visible-toggle\" bdt-slideshow=\"{&quot;animation&quot;:&quot;fade&quot;,&quot;ratio&quot;:&quot;16:9&quot;,&quot;min-height&quot;:480,&quot;autoplay&quot;:true,&quot;autoplay-interval&quot;:7000,&quot;pause-on-hover&quot;:false,&quot;velocity&quot;:1,&quot;finite&quot;:false}\" data-settings=\"{&quot;id&quot;:&quot;#bdt-cdf6679&quot;,&quot;animation_status&quot;:&quot;no&quot;}\" id=\"bdt-cdf6679\">\n\n\t\t\t\t\t<ul class=\"bdt-slideshow-items\">\n\t\t                    \n            <li class=\"bdt-slideshow-item bdt-flex bdt-flex-middle bdt-flex-center elementor-repeater-item-bfdaaa6\">\n                \n                                            \n\t\t<div class=\"bdt-ps-slide-img\" style=\"background-image: url('https:\/\/www.academia-candelaria.org\/wp-content\/uploads\/2025\/09\/element5-digital-OyCl7Y4y0Bk-unsplash-scaled.jpg')\"><\/div>\n\n\t\t                    \n                \n                \n                \n        <div class=\"bdt-slide-shape\" data-bdt-slideshow-parallax=\"Y: -100,0,100; opacity: 1,1,0\"><\/div>\n        <div class=\"bdt-prime-slider-wrapper\">\n            <div class=\"bdt-prime-slider-content\">\n                <div class=\"bdt-prime-slider-desc\">\n\n                                            <div class=\"bdt-main-title\" data-bdt-slideshow-parallax=\"x: 50,0,-10; opacity: 1,1,0\" data-reveal=\"reveal-active\">\n                            <h1 class=\"bdt-title-tag\">\n                                                                    Ofrecimiento                                                            <\/h1>\n                        <\/div>\n                    \n                    \n                                            <div class=\"bdt-slide-text-mobile\">\n\n                                                            <div class=\"bdt-slider-excerpt\" data-bdt-slideshow-parallax=\"x: 100,0,-20; opacity: 1,1,0\" data-reveal=\"reveal-active\">\n                                    <p>Academia Cristiana de Candelaria, Inc. ofrece un nivel escolar de Preescolar y Elemental \/ PK-6 en el pueblo de Toa Baja, Puerto Rico.<\/p>                                <\/div>\n                                                                                        <div class=\"bdt-prime-slider-arrow-button\" data-bdt-slideshow-parallax=\"x: 100,0,-50; opacity: 1,1,0\">\n                                    \n\t\t\n\t\t\t<a class=\"bdt-slide-btn\" data-reveal=\"reveal-active\" href=\"#\">\n\n\t\t\t\t\t\t\t\t<span class=\"bdt-prime-slider-button-wrapper\">\n\n\t\t\t\t\t<span class=\"bdt-prime-slider-button-text bdt-flex bdt-flex-middle bdt-flex-inline\">Conoce M\u00e1s\t\t\t\t\t\t\t\t\t\t\t\t\t<span class=\"bdt-slide-btn-icon\"><svg width=\"20\" height=\"20\" viewBox=\"0 0 20 20\"\n\t\t\t\t\t\t\t\t\txmlns=\"http:\/\/www.w3.org\/2000\/svg\" data-svg=\"arrow-right\">\n\t\t\t\t\t\t\t\t\t<polyline fill=\"none\" stroke=\"#000\" points=\"10 5 15 9.5 10 14\"><\/polyline>\n\t\t\t\t\t\t\t\t\t<line fill=\"none\" stroke=\"#000\" x1=\"4\" y1=\"9.5\" x2=\"15\" y2=\"9.5\"><\/line>\n\t\t\t\t\t\t\t\t<\/svg><\/span>\n\t\t\t\t\t\t\t\t\t\t\t<\/span>\n\n\t\t\t\t<\/span>\n\n\t\t\t<\/a>\n\t\t                                <\/div>\n                            \n                        <\/div>\n                                        \n                <\/div>\n            <\/div>\n        <\/div>\n\n                <div class=\"bdt-slide-featured bdt-flex\">\n            \n                            <div class=\"bdt-slider-excerpt\" data-bdt-slideshow-parallax=\"y: 50,0,-10; opacity: 1,1,0\" data-reveal=\"reveal-active\">\n                    \n                    <p>Academia Cristiana de Candelaria, Inc. ofrece un nivel escolar de Preescolar y Elemental \/ PK-6 en el pueblo de Toa Baja, Puerto Rico.<\/p>\n                <\/div>\n                        \n            <div class=\"bdt-prime-slider-arrow-button bdt-flex\" data-bdt-slideshow-parallax=\"x: 100,0,-50; opacity: 1,1,0\">\n               \n\t\t\n\t\t\t<a class=\"bdt-slide-btn\" data-reveal=\"reveal-active\" href=\"#\">\n\n\t\t\t\t\t\t\t\t<span class=\"bdt-prime-slider-button-wrapper\">\n\n\t\t\t\t\t<span class=\"bdt-prime-slider-button-text bdt-flex bdt-flex-middle bdt-flex-inline\">Conoce M\u00e1s\t\t\t\t\t\t\t\t\t\t\t\t\t<span class=\"bdt-slide-btn-icon\"><svg width=\"20\" height=\"20\" viewBox=\"0 0 20 20\"\n\t\t\t\t\t\t\t\t\txmlns=\"http:\/\/www.w3.org\/2000\/svg\" data-svg=\"arrow-right\">\n\t\t\t\t\t\t\t\t\t<polyline fill=\"none\" stroke=\"#000\" points=\"10 5 15 9.5 10 14\"><\/polyline>\n\t\t\t\t\t\t\t\t\t<line fill=\"none\" stroke=\"#000\" x1=\"4\" y1=\"9.5\" x2=\"15\" y2=\"9.5\"><\/line>\n\t\t\t\t\t\t\t\t<\/svg><\/span>\n\t\t\t\t\t\t\t\t\t\t\t<\/span>\n\n\t\t\t\t<\/span>\n\n\t\t\t<\/a>\n\t\t            <\/div>\n\n        <\/div>\n        \n                    <\/li>\n\n                            \n            <li class=\"bdt-slideshow-item bdt-flex bdt-flex-middle bdt-flex-center elementor-repeater-item-629d21e\">\n                \n                                            \n\t\t<div class=\"bdt-ps-slide-img\" style=\"background-image: url('https:\/\/www.academia-candelaria.org\/wp-content\/uploads\/2025\/09\/priscilla-du-preez-ggeZ9oyI-PE-unsplash-scaled.jpg')\"><\/div>\n\n\t\t                    \n                \n                \n                \n        <div class=\"bdt-slide-shape\" data-bdt-slideshow-parallax=\"Y: -100,0,100; opacity: 1,1,0\"><\/div>\n        <div class=\"bdt-prime-slider-wrapper\">\n            <div class=\"bdt-prime-slider-content\">\n                <div class=\"bdt-prime-slider-desc\">\n\n                                            <div class=\"bdt-main-title\" data-bdt-slideshow-parallax=\"x: 50,0,-10; opacity: 1,1,0\" data-reveal=\"reveal-active\">\n                            <h1 class=\"bdt-title-tag\">\n                                                                    Localidad                                                            <\/h1>\n                        <\/div>\n                    \n                    \n                                            <div class=\"bdt-slide-text-mobile\">\n\n                                                            <div class=\"bdt-slider-excerpt\" data-bdt-slideshow-parallax=\"x: 100,0,-20; opacity: 1,1,0\" data-reveal=\"reveal-active\">\n                                    <p>Academia Cristiana de Candelaria, Inc. tiene localizada sus facilidades fisicas en Bo. P\u00e1jaros, Carr. # 863 Km. 1.4 en el pueblo de Toa Baja, Puerto Rico.<\/p>                                <\/div>\n                                                                                        <div class=\"bdt-prime-slider-arrow-button\" data-bdt-slideshow-parallax=\"x: 100,0,-50; opacity: 1,1,0\">\n                                    \n\t\t\n\t\t\t<a class=\"bdt-slide-btn\" data-reveal=\"reveal-active\" href=\"#\">\n\n\t\t\t\t\t\t\t\t<span class=\"bdt-prime-slider-button-wrapper\">\n\n\t\t\t\t\t<span class=\"bdt-prime-slider-button-text bdt-flex bdt-flex-middle bdt-flex-inline\">Conoce M\u00e1s\t\t\t\t\t\t\t\t\t\t\t\t\t<span class=\"bdt-slide-btn-icon\"><svg width=\"20\" height=\"20\" viewBox=\"0 0 20 20\"\n\t\t\t\t\t\t\t\t\txmlns=\"http:\/\/www.w3.org\/2000\/svg\" data-svg=\"arrow-right\">\n\t\t\t\t\t\t\t\t\t<polyline fill=\"none\" stroke=\"#000\" points=\"10 5 15 9.5 10 14\"><\/polyline>\n\t\t\t\t\t\t\t\t\t<line fill=\"none\" stroke=\"#000\" x1=\"4\" y1=\"9.5\" x2=\"15\" y2=\"9.5\"><\/line>\n\t\t\t\t\t\t\t\t<\/svg><\/span>\n\t\t\t\t\t\t\t\t\t\t\t<\/span>\n\n\t\t\t\t<\/span>\n\n\t\t\t<\/a>\n\t\t                                <\/div>\n                            \n                        <\/div>\n                                        \n                <\/div>\n            <\/div>\n        <\/div>\n\n                <div class=\"bdt-slide-featured bdt-flex\">\n            \n                            <div class=\"bdt-slider-excerpt\" data-bdt-slideshow-parallax=\"y: 50,0,-10; opacity: 1,1,0\" data-reveal=\"reveal-active\">\n                    \n                    <p>Academia Cristiana de Candelaria, Inc. tiene localizada sus facilidades fisicas en Bo. P\u00e1jaros, Carr. # 863 Km. 1.4 en el pueblo de Toa Baja, Puerto Rico.<\/p>\n                <\/div>\n                        \n            <div class=\"bdt-prime-slider-arrow-button bdt-flex\" data-bdt-slideshow-parallax=\"x: 100,0,-50; opacity: 1,1,0\">\n               \n\t\t\n\t\t\t<a class=\"bdt-slide-btn\" data-reveal=\"reveal-active\" href=\"#\">\n\n\t\t\t\t\t\t\t\t<span class=\"bdt-prime-slider-button-wrapper\">\n\n\t\t\t\t\t<span class=\"bdt-prime-slider-button-text bdt-flex bdt-flex-middle bdt-flex-inline\">Conoce M\u00e1s\t\t\t\t\t\t\t\t\t\t\t\t\t<span class=\"bdt-slide-btn-icon\"><svg width=\"20\" height=\"20\" viewBox=\"0 0 20 20\"\n\t\t\t\t\t\t\t\t\txmlns=\"http:\/\/www.w3.org\/2000\/svg\" data-svg=\"arrow-right\">\n\t\t\t\t\t\t\t\t\t<polyline fill=\"none\" stroke=\"#000\" points=\"10 5 15 9.5 10 14\"><\/polyline>\n\t\t\t\t\t\t\t\t\t<line fill=\"none\" stroke=\"#000\" x1=\"4\" y1=\"9.5\" x2=\"15\" y2=\"9.5\"><\/line>\n\t\t\t\t\t\t\t\t<\/svg><\/span>\n\t\t\t\t\t\t\t\t\t\t\t<\/span>\n\n\t\t\t\t<\/span>\n\n\t\t\t<\/a>\n\t\t            <\/div>\n\n        <\/div>\n        \n                    <\/li>\n\n                            \n            <li class=\"bdt-slideshow-item bdt-flex bdt-flex-middle bdt-flex-center elementor-repeater-item-cb18fa2\">\n                \n                                            \n\t\t<div class=\"bdt-ps-slide-img\" style=\"background-image: url('https:\/\/www.academia-candelaria.org\/wp-content\/uploads\/2025\/09\/taylor-flowe-4nKOEAQaTgA-unsplash-scaled.jpg')\"><\/div>\n\n\t\t                    \n                \n                \n                \n        <div class=\"bdt-slide-shape\" data-bdt-slideshow-parallax=\"Y: -100,0,100; opacity: 1,1,0\"><\/div>\n        <div class=\"bdt-prime-slider-wrapper\">\n            <div class=\"bdt-prime-slider-content\">\n                <div class=\"bdt-prime-slider-desc\">\n\n                                            <div class=\"bdt-main-title\" data-bdt-slideshow-parallax=\"x: 50,0,-10; opacity: 1,1,0\" data-reveal=\"reveal-active\">\n                            <h1 class=\"bdt-title-tag\">\n                                                                    Enfoque                                                            <\/h1>\n                        <\/div>\n                    \n                    \n                                            <div class=\"bdt-slide-text-mobile\">\n\n                                                            <div class=\"bdt-slider-excerpt\" data-bdt-slideshow-parallax=\"x: 100,0,-20; opacity: 1,1,0\" data-reveal=\"reveal-active\">\n                                    <p>Academia Cristiana de Candelaria, Inc. tiene un enfoque educativo Tradicional y ofrecen sus cursos en los siguientes idiomas: Espa\u00f1ol. Academia Cristiana de Candelaria, Inc. esta orientado en la denominacion Evang\u00e9lica y ofrecen un nivel de educacion Preescolar y Elemental en su programa Acad\u00e9mico.<\/p>                                <\/div>\n                                                                                        <div class=\"bdt-prime-slider-arrow-button\" data-bdt-slideshow-parallax=\"x: 100,0,-50; opacity: 1,1,0\">\n                                    \n\t\t\n\t\t\t<a class=\"bdt-slide-btn\" data-reveal=\"reveal-active\" href=\"#\">\n\n\t\t\t\t\t\t\t\t<span class=\"bdt-prime-slider-button-wrapper\">\n\n\t\t\t\t\t<span class=\"bdt-prime-slider-button-text bdt-flex bdt-flex-middle bdt-flex-inline\">Conoce M\u00e1s\t\t\t\t\t\t\t\t\t\t\t\t\t<span class=\"bdt-slide-btn-icon\"><svg width=\"20\" height=\"20\" viewBox=\"0 0 20 20\"\n\t\t\t\t\t\t\t\t\txmlns=\"http:\/\/www.w3.org\/2000\/svg\" data-svg=\"arrow-right\">\n\t\t\t\t\t\t\t\t\t<polyline fill=\"none\" stroke=\"#000\" points=\"10 5 15 9.5 10 14\"><\/polyline>\n\t\t\t\t\t\t\t\t\t<line fill=\"none\" stroke=\"#000\" x1=\"4\" y1=\"9.5\" x2=\"15\" y2=\"9.5\"><\/line>\n\t\t\t\t\t\t\t\t<\/svg><\/span>\n\t\t\t\t\t\t\t\t\t\t\t<\/span>\n\n\t\t\t\t<\/span>\n\n\t\t\t<\/a>\n\t\t                                <\/div>\n                            \n                        <\/div>\n                                        \n                <\/div>\n            <\/div>\n        <\/div>\n\n                <div class=\"bdt-slide-featured bdt-flex\">\n            \n                            <div class=\"bdt-slider-excerpt\" data-bdt-slideshow-parallax=\"y: 50,0,-10; opacity: 1,1,0\" data-reveal=\"reveal-active\">\n                    \n                    <p>Academia Cristiana de Candelaria, Inc. tiene un enfoque educativo Tradicional y ofrecen sus cursos en los siguientes idiomas: Espa\u00f1ol. Academia Cristiana de Candelaria, Inc. esta orientado en la denominacion Evang\u00e9lica y ofrecen un nivel de educacion Preescolar y Elemental en su programa Acad\u00e9mico.<\/p>\n                <\/div>\n                        \n            <div class=\"bdt-prime-slider-arrow-button bdt-flex\" data-bdt-slideshow-parallax=\"x: 100,0,-50; opacity: 1,1,0\">\n               \n\t\t\n\t\t\t<a class=\"bdt-slide-btn\" data-reveal=\"reveal-active\" href=\"#\">\n\n\t\t\t\t\t\t\t\t<span class=\"bdt-prime-slider-button-wrapper\">\n\n\t\t\t\t\t<span class=\"bdt-prime-slider-button-text bdt-flex bdt-flex-middle bdt-flex-inline\">Conoce M\u00e1s\t\t\t\t\t\t\t\t\t\t\t\t\t<span class=\"bdt-slide-btn-icon\"><svg width=\"20\" height=\"20\" viewBox=\"0 0 20 20\"\n\t\t\t\t\t\t\t\t\txmlns=\"http:\/\/www.w3.org\/2000\/svg\" data-svg=\"arrow-right\">\n\t\t\t\t\t\t\t\t\t<polyline fill=\"none\" stroke=\"#000\" points=\"10 5 15 9.5 10 14\"><\/polyline>\n\t\t\t\t\t\t\t\t\t<line fill=\"none\" stroke=\"#000\" x1=\"4\" y1=\"9.5\" x2=\"15\" y2=\"9.5\"><\/line>\n\t\t\t\t\t\t\t\t<\/svg><\/span>\n\t\t\t\t\t\t\t\t\t\t\t<\/span>\n\n\t\t\t\t<\/span>\n\n\t\t\t<\/a>\n\t\t            <\/div>\n\n        <\/div>\n        \n                    <\/li>\n\n                        \n                <\/ul>\n                    \n                    \n            \n                <div class=\"bdt-navigation-arrows reveal-muted\">\n                    <a class=\"bdt-prime-slider-previous\" href=\"#\" bdt-slidenav-previous bdt-slideshow-item=\"previous\"><\/a>\n    \n                    <a class=\"bdt-prime-slider-next\" href=\"#\" bdt-slidenav-next bdt-slideshow-item=\"next\"><\/a>\n                <\/div>\n\n\n            \n                                        \n                <ul class=\"bdt-dotnav bdt-dotnav-vertical bdt-margin-bottom-100 bdt-margin-left-100 bdt-position-bottom-left bdt-text-center reveal-muted\">\n\n                                        <li bdt-slideshow-item=\"0\" data-label=\"01\" ><a href=\"#\"><\/a><\/li>\n                                        <li bdt-slideshow-item=\"1\" data-label=\"02\" ><a href=\"#\"><\/a><\/li>\n                                        <li bdt-slideshow-item=\"2\" data-label=\"03\" ><a href=\"#\"><\/a><\/li>\n                                        \n                <\/ul>\n\n            \n        \n                <\/div>\n            <\/div>\n        <\/div>\n        \t\t\t\t<\/div>\n\t\t\t\t<\/div>\n\t\t\t\t<\/div>\n\t\t\t\t<div class=\"elementor-element elementor-element-f49d510 elementor-widget elementor-widget-spacer\" data-id=\"f49d510\" data-element_type=\"widget\" data-e-type=\"widget\" data-widget_type=\"spacer.default\">\n\t\t\t\t\t\t\t<div class=\"elementor-spacer\">\n\t\t\t<div class=\"elementor-spacer-inner\"><\/div>\n\t\t<\/div>\n\t\t\t\t\t\t<\/div>\n\t\t\t\t\t<\/div>\n\t\t\t\t<\/div>\n\t\t\t\t<section class=\"elementor-section elementor-top-section elementor-element elementor-element-18f63c4 elementor-section-boxed elementor-section-height-default elementor-section-height-default\" data-id=\"18f63c4\" data-element_type=\"section\" data-e-type=\"section\">\n\t\t\t\t\t\t<div class=\"elementor-container elementor-column-gap-default\">\n\t\t\t\t\t<div class=\"elementor-column elementor-col-100 elementor-top-column elementor-element elementor-element-c2963c0\" data-id=\"c2963c0\" data-element_type=\"column\" data-e-type=\"column\">\n\t\t\t<div class=\"elementor-widget-wrap elementor-element-populated\">\n\t\t\t\t\t\t<div class=\"elementor-element elementor-element-0e40c7a elementor-position-top elementor-invisible elementor-widget elementor-widget-image-box\" data-id=\"0e40c7a\" data-element_type=\"widget\" data-e-type=\"widget\" data-settings=\"{&quot;_animation&quot;:&quot;fadeInLeft&quot;}\" data-widget_type=\"image-box.default\">\n\t\t\t\t\t<div class=\"elementor-image-box-wrapper\"><figure class=\"elementor-image-box-img\"><a href=\"http:\/\/school.gradesgarden.net\" target=\"_blank\" tabindex=\"-1\"><img decoding=\"async\" src=\"http:\/\/www.gradesgarden.net\/webdemo\/wp-content\/uploads\/2021\/01\/clipboard.png\" title=\"\" alt=\"\" class=\"elementor-animation-grow\" loading=\"lazy\" \/><\/a><\/figure><div class=\"elementor-image-box-content\"><h1 class=\"elementor-image-box-title\"><a href=\"http:\/\/school.gradesgarden.net\" target=\"_blank\">Portal Grades Garden<\/a><\/h1><\/div><\/div>\t\t\t\t<\/div>\n\t\t\t\t\t<\/div>\n\t\t<\/div>\n\t\t\t\t\t<\/div>\n\t\t<\/section>\n\t\t\t\t<\/div>\n\t\t","protected":false},"excerpt":{"rendered":"<p>Ofrecimiento Academia Cristiana de Candelaria, Inc. ofrece un nivel escolar de Preescolar y Elemental \/ PK-6 en el pueblo de Toa Baja, Puerto Rico. Conoce M\u00e1s Academia Cristiana de Candelaria, Inc. ofrece un nivel escolar de Preescolar y Elemental \/ PK-6 en el pueblo de Toa Baja, Puerto Rico. Conoce M\u00e1s Localidad Academia Cristiana de Candelaria, Inc. tiene localizada sus [&hellip;]<\/p>\n","protected":false},"author":1,"featured_media":0,"parent":0,"menu_order":0,"comment_status":"closed","ping_status":"closed","template":"elementor_header_footer","meta":{"_eb_attr":"","footnotes":""},"class_list":["post-26","page","type-page","status-publish","hentry"],"_links":{"self":[{"href":"https:\/\/www.academia-candelaria.org\/index.php\/wp-json\/wp\/v2\/pages\/26","targetHints":{"allow":["GET"]}}],"collection":[{"href":"https:\/\/www.academia-candelaria.org\/index.php\/wp-json\/wp\/v2\/pages"}],"about":[{"href":"https:\/\/www.academia-candelaria.org\/index.php\/wp-json\/wp\/v2\/types\/page"}],"author":[{"embeddable":true,"href":"https:\/\/www.academia-candelaria.org\/index.php\/wp-json\/wp\/v2\/users\/1"}],"replies":[{"embeddable":true,"href":"https:\/\/www.academia-candelaria.org\/index.php\/wp-json\/wp\/v2\/comments?post=26"}],"version-history":[{"count":9,"href":"https:\/\/www.academia-candelaria.org\/index.php\/wp-json\/wp\/v2\/pages\/26\/revisions"}],"predecessor-version":[{"id":11641,"href":"https:\/\/www.academia-candelaria.org\/index.php\/wp-json\/wp\/v2\/pages\/26\/revisions\/11641"}],"wp:attachment":[{"href":"https:\/\/www.academia-candelaria.org\/index.php\/wp-json\/wp\/v2\/media?parent=26"}],"curies":[{"name":"wp","href":"https:\/\/api.w.org\/{rel}","templated":true}]}}