{"id":22,"date":"2020-10-30T19:49:49","date_gmt":"2020-10-30T19:49:49","guid":{"rendered":"http:\/\/www.cmasanturce.online\/?page_id=22"},"modified":"2026-04-10T15:24:16","modified_gmt":"2026-04-10T15:24:16","slug":"inicio","status":"publish","type":"page","link":"https:\/\/www.academia-candelaria.org\/","title":{"rendered":"Inicio"},"content":{"rendered":"\t\t<div data-elementor-type=\"wp-page\" data-elementor-id=\"22\" class=\"elementor elementor-22\">\n\t\t\t\t<div class=\"elementor-element elementor-element-3de7e07 e-con-full e-flex e-con e-parent\" data-id=\"3de7e07\" data-element_type=\"container\" data-e-type=\"container\">\n\t\t\t\t<div class=\"elementor-element elementor-element-3d6d5ba elementor-widget elementor-widget-prime-slider-general\" data-id=\"3d6d5ba\" data-element_type=\"widget\" data-e-type=\"widget\" data-widget_type=\"prime-slider-general.slide\">\n\t\t\t\t\t\t\t\t<div class=\"bdt-prime-slider\">\n\t\t\t\t<div class=\"bdt-prime-slider-skin-slide\">\n\n\t\t\t\t<div class=\"bdt-position-relative bdt-visible-toggle\" bdt-slideshow=\"{&quot;animation&quot;:&quot;fade&quot;,&quot;ratio&quot;:&quot;16:9&quot;,&quot;min-height&quot;:480,&quot;autoplay&quot;:true,&quot;autoplay-interval&quot;:7000,&quot;pause-on-hover&quot;:false,&quot;velocity&quot;:1,&quot;finite&quot;:false}\" data-settings=\"{&quot;id&quot;:&quot;#bdt-3d6d5ba&quot;,&quot;animation_status&quot;:&quot;no&quot;}\" id=\"bdt-3d6d5ba\">\n\n\t\t\t\t\t<ul class=\"bdt-slideshow-items\">\n\t\t                    \n            <li class=\"bdt-slideshow-item bdt-flex bdt-flex-middle bdt-flex-center elementor-repeater-item-bfdaaa6\">\n                \n                                            \n\t\t<div class=\"bdt-ps-slide-img\" style=\"background-image: url('https:\/\/www.academia-candelaria.org\/wp-content\/uploads\/2026\/03\/Screenshot_25-3-2026_194254_web.whatsapp.com_.jpeg')\"><\/div>\n\n\t\t                    \n                \n                \n                \n        <div class=\"bdt-slide-shape\" data-bdt-slideshow-parallax=\"Y: -100,0,100; opacity: 1,1,0\"><\/div>\n        <div class=\"bdt-prime-slider-wrapper\">\n            <div class=\"bdt-prime-slider-content\">\n                <div class=\"bdt-prime-slider-desc\">\n\n                                            <div class=\"bdt-main-title\" data-bdt-slideshow-parallax=\"x: 50,0,-10; opacity: 1,1,0\" data-reveal=\"reveal-active\">\n                            <h1 class=\"bdt-title-tag\">\n                                                                    \u00bfQui\u00e9nes somos?                                                            <\/h1>\n                        <\/div>\n                    \n                    \n                                            <div class=\"bdt-slide-text-mobile\">\n\n                                                            <div class=\"bdt-slider-excerpt\" data-bdt-slideshow-parallax=\"x: 100,0,-20; opacity: 1,1,0\" data-reveal=\"reveal-active\">\n                                    <p>Somos una instituci\u00f3n educativa de excelencia acad\u00e9mica dentro de un ambiente familiar, con \u00e9nfasis en valores cristianos.<\/p>                                <\/div>\n                                                        \n                        <\/div>\n                                        \n                <\/div>\n            <\/div>\n        <\/div>\n\n                <div class=\"bdt-slide-featured bdt-flex\">\n            \n                            <div class=\"bdt-slider-excerpt\" data-bdt-slideshow-parallax=\"y: 50,0,-10; opacity: 1,1,0\" data-reveal=\"reveal-active\">\n                    \n                    <p>Somos una instituci\u00f3n educativa de excelencia acad\u00e9mica dentro de un ambiente familiar, con \u00e9nfasis en valores cristianos.<\/p>\n                <\/div>\n                        \n            <div class=\"bdt-prime-slider-arrow-button bdt-flex\" data-bdt-slideshow-parallax=\"x: 100,0,-50; opacity: 1,1,0\">\n                           <\/div>\n\n        <\/div>\n        \n                    <\/li>\n\n                            \n            <li class=\"bdt-slideshow-item bdt-flex bdt-flex-middle bdt-flex-center elementor-repeater-item-629d21e\">\n                \n                                            \n\t\t<div class=\"bdt-ps-slide-img\" style=\"background-image: url('https:\/\/www.academia-candelaria.org\/wp-content\/uploads\/2026\/03\/EST-Sup.jpg')\"><\/div>\n\n\t\t                    \n                \n                \n                \n        <div class=\"bdt-slide-shape\" data-bdt-slideshow-parallax=\"Y: -100,0,100; opacity: 1,1,0\"><\/div>\n        <div class=\"bdt-prime-slider-wrapper\">\n            <div class=\"bdt-prime-slider-content\">\n                <div class=\"bdt-prime-slider-desc\">\n\n                                            <div class=\"bdt-main-title\" data-bdt-slideshow-parallax=\"x: 50,0,-10; opacity: 1,1,0\" data-reveal=\"reveal-active\">\n                            <h1 class=\"bdt-title-tag\">\n                                                                    Ubicaci\u00f3n                                                            <\/h1>\n                        <\/div>\n                    \n                    \n                                            <div class=\"bdt-slide-text-mobile\">\n\n                                                            <div class=\"bdt-slider-excerpt\" data-bdt-slideshow-parallax=\"x: 100,0,-20; opacity: 1,1,0\" data-reveal=\"reveal-active\">\n                                    <p>Carr. # 863 Km. 1.4 en el pueblo de Toa Baja, Puerto Rico.<\/p>                                <\/div>\n                                                        \n                        <\/div>\n                                        \n                <\/div>\n            <\/div>\n        <\/div>\n\n                <div class=\"bdt-slide-featured bdt-flex\">\n            \n                            <div class=\"bdt-slider-excerpt\" data-bdt-slideshow-parallax=\"y: 50,0,-10; opacity: 1,1,0\" data-reveal=\"reveal-active\">\n                    \n                    <p>Carr. # 863 Km. 1.4 en el pueblo de Toa Baja, Puerto Rico.<\/p>\n                <\/div>\n                        \n            <div class=\"bdt-prime-slider-arrow-button bdt-flex\" data-bdt-slideshow-parallax=\"x: 100,0,-50; opacity: 1,1,0\">\n                           <\/div>\n\n        <\/div>\n        \n                    <\/li>\n\n                            \n            <li class=\"bdt-slideshow-item bdt-flex bdt-flex-middle bdt-flex-center elementor-repeater-item-cb18fa2\">\n                \n                                            \n\t\t<div class=\"bdt-ps-slide-img\" style=\"background-image: url('https:\/\/www.academia-candelaria.org\/wp-content\/uploads\/2026\/03\/High-School-1.jpg')\"><\/div>\n\n\t\t                    \n                \n                \n                \n        <div class=\"bdt-slide-shape\" data-bdt-slideshow-parallax=\"Y: -100,0,100; opacity: 1,1,0\"><\/div>\n        <div class=\"bdt-prime-slider-wrapper\">\n            <div class=\"bdt-prime-slider-content\">\n                <div class=\"bdt-prime-slider-desc\">\n\n                                            <div class=\"bdt-main-title\" data-bdt-slideshow-parallax=\"x: 50,0,-10; opacity: 1,1,0\" data-reveal=\"reveal-active\">\n                            <h1 class=\"bdt-title-tag\">\n                                                                    Programas                                                            <\/h1>\n                        <\/div>\n                    \n                    \n                                            <div class=\"bdt-slide-text-mobile\">\n\n                                                            <div class=\"bdt-slider-excerpt\" data-bdt-slideshow-parallax=\"x: 100,0,-20; opacity: 1,1,0\" data-reveal=\"reveal-active\">\n                                    <ul><li>Preescolar<\/li><li>Elemental<\/li><li>Intermedia<\/li><li>Superior<\/li><\/ul>                                <\/div>\n                                                        \n                        <\/div>\n                                        \n                <\/div>\n            <\/div>\n        <\/div>\n\n                <div class=\"bdt-slide-featured bdt-flex\">\n            \n                            <div class=\"bdt-slider-excerpt\" data-bdt-slideshow-parallax=\"y: 50,0,-10; opacity: 1,1,0\" data-reveal=\"reveal-active\">\n                    \n                    <ul><li>Preescolar<\/li><li>Elemental<\/li><li>Intermedia<\/li><li>Superior<\/li><\/ul>\n                <\/div>\n                        \n            <div class=\"bdt-prime-slider-arrow-button bdt-flex\" data-bdt-slideshow-parallax=\"x: 100,0,-50; opacity: 1,1,0\">\n                           <\/div>\n\n        <\/div>\n        \n                    <\/li>\n\n                        \n                <\/ul>\n                    \n                    \n            \n                                        \n        \n                <\/div>\n            <\/div>\n        <\/div>\n        \t\t\t\t<\/div>\n\t\t\t\t<\/div>\n\t\t\t\t<section class=\"elementor-section elementor-top-section elementor-element elementor-element-e6fb669 elementor-section-boxed elementor-section-height-default elementor-section-height-default\" data-id=\"e6fb669\" data-element_type=\"section\" data-e-type=\"section\" data-settings=\"{&quot;background_background&quot;:&quot;classic&quot;}\">\n\t\t\t\t\t\t<div class=\"elementor-container elementor-column-gap-default\">\n\t\t\t\t\t<div class=\"elementor-column elementor-col-100 elementor-top-column elementor-element elementor-element-65f15e4\" data-id=\"65f15e4\" data-element_type=\"column\" data-e-type=\"column\">\n\t\t\t<div class=\"elementor-widget-wrap elementor-element-populated\">\n\t\t\t\t\t\t<div class=\"elementor-element elementor-element-f4cc04e elementor-widget elementor-widget-heading\" data-id=\"f4cc04e\" data-element_type=\"widget\" data-e-type=\"widget\" data-widget_type=\"heading.default\">\n\t\t\t\t\t<h1 class=\"elementor-heading-title elementor-size-xxl\">\"Somos taller de triunfadores...\"<\/h1>\t\t\t\t<\/div>\n\t\t\t\t\t<\/div>\n\t\t<\/div>\n\t\t\t\t\t<\/div>\n\t\t<\/section>\n\t\t<div class=\"elementor-element elementor-element-7e7d283 e-flex e-con-boxed e-con e-parent\" data-id=\"7e7d283\" data-element_type=\"container\" data-e-type=\"container\">\n\t\t\t\t\t<div class=\"e-con-inner\">\n\t\t\t\t<div class=\"elementor-element elementor-element-7067bb8 elementor-widget elementor-widget-spacer\" data-id=\"7067bb8\" data-element_type=\"widget\" data-e-type=\"widget\" data-widget_type=\"spacer.default\">\n\t\t\t\t\t\t\t<div class=\"elementor-spacer\">\n\t\t\t<div class=\"elementor-spacer-inner\"><\/div>\n\t\t<\/div>\n\t\t\t\t\t\t<\/div>\n\t\t\t\t\t<\/div>\n\t\t\t\t<\/div>\n\t\t<div class=\"elementor-element elementor-element-3cf5ec8 e-flex e-con-boxed e-con e-parent\" data-id=\"3cf5ec8\" data-element_type=\"container\" data-e-type=\"container\">\n\t\t\t\t\t<div class=\"e-con-inner\">\n\t\t\t\t<div class=\"elementor-element elementor-element-6db21d6 elementor-widget elementor-widget-heading\" data-id=\"6db21d6\" data-element_type=\"widget\" data-e-type=\"widget\" data-widget_type=\"heading.default\">\n\t\t\t\t\t<h3 class=\"elementor-heading-title elementor-size-default\">Nos sentimos fascinados y honrados de que est\u00e9s considerando la Academia Cristiana de Candelaria. Gracias por tomar el tiempo de conocernos mientras tomas tan importante decisi\u00f3n en la vida de tu hijo.   \nEn la Academia Cristiana de Candelaria, cada ni\u00f1o es importante para nosotros.   Nosotros le ofrecemos a los estudiantes un lugar donde pueden aprender y florecer en un ambiente seguro, acogedor y familiar.  Nuestros estudiantes se sienten amados y cuidados desde el momento en que llegan a nuestras facilidades.  \n<\/h3>\t\t\t\t<\/div>\n\t\t\t\t\t<\/div>\n\t\t\t\t<\/div>\n\t\t<div class=\"elementor-element elementor-element-bba8c8c e-flex e-con-boxed e-con e-parent\" data-id=\"bba8c8c\" data-element_type=\"container\" data-e-type=\"container\">\n\t\t\t\t\t<div class=\"e-con-inner\">\n\t\t\t\t<div class=\"elementor-element elementor-element-ca40b18 elementor-widget elementor-widget-spacer\" data-id=\"ca40b18\" data-element_type=\"widget\" data-e-type=\"widget\" data-widget_type=\"spacer.default\">\n\t\t\t\t\t\t\t<div class=\"elementor-spacer\">\n\t\t\t<div class=\"elementor-spacer-inner\"><\/div>\n\t\t<\/div>\n\t\t\t\t\t\t<\/div>\n\t\t\t\t\t<\/div>\n\t\t\t\t<\/div>\n\t\t<div class=\"elementor-element elementor-element-92e2d26 e-flex e-con-boxed elementor-invisible e-con e-parent\" data-id=\"92e2d26\" data-element_type=\"container\" data-e-type=\"container\" data-settings=\"{&quot;animation&quot;:&quot;fadeInRight&quot;}\">\n\t\t\t\t\t<div class=\"e-con-inner\">\n\t\t<div class=\"elementor-element elementor-element-3733d03 e-con-full e-flex e-con e-child\" data-id=\"3733d03\" data-element_type=\"container\" data-e-type=\"container\">\n\t\t\t\t<div class=\"elementor-element elementor-element-264cea5 elementor-widget elementor-widget-heading\" data-id=\"264cea5\" data-element_type=\"widget\" data-e-type=\"widget\" data-widget_type=\"heading.default\">\n\t\t\t\t\t<h2 class=\"elementor-heading-title elementor-size-default\">Programas de diversos deportes incluyendo Basketball y Volleyball.<\/h2>\t\t\t\t<\/div>\n\t\t\t\t<\/div>\n\t\t<div class=\"elementor-element elementor-element-5c095ff e-con-full e-flex e-con e-child\" data-id=\"5c095ff\" data-element_type=\"container\" data-e-type=\"container\">\n\t\t\t\t<div class=\"elementor-element elementor-element-a1c08d2 elementor-widget elementor-widget-image\" data-id=\"a1c08d2\" data-element_type=\"widget\" data-e-type=\"widget\" data-widget_type=\"image.default\">\n\t\t\t\t\t\t\t\t\t\t\t\t\t\t\t<img decoding=\"async\" src=\"http:\/\/www.gradesgarden.net\/webdemo\/wp-content\/uploads\/2021\/02\/isaiah-rustad-fbbNHCAhXyA-unsplash-scaled.jpg\" title=\"\" alt=\"\" loading=\"lazy\" \/>\t\t\t\t\t\t\t\t\t\t\t\t\t\t\t<\/div>\n\t\t\t\t<\/div>\n\t\t\t\t\t<\/div>\n\t\t\t\t<\/div>\n\t\t<div class=\"elementor-element elementor-element-0ecc17a e-flex e-con-boxed elementor-invisible e-con e-parent\" data-id=\"0ecc17a\" data-element_type=\"container\" data-e-type=\"container\" data-settings=\"{&quot;animation&quot;:&quot;fadeInLeft&quot;}\">\n\t\t\t\t\t<div class=\"e-con-inner\">\n\t\t<div class=\"elementor-element elementor-element-5bb6d78 e-con-full e-flex e-con e-child\" data-id=\"5bb6d78\" data-element_type=\"container\" data-e-type=\"container\">\n\t\t\t\t<div class=\"elementor-element elementor-element-d785290 elementor-widget elementor-widget-image\" data-id=\"d785290\" data-element_type=\"widget\" data-e-type=\"widget\" data-widget_type=\"image.default\">\n\t\t\t\t\t\t\t\t\t\t\t\t\t\t\t<img decoding=\"async\" src=\"http:\/\/www.gradesgarden.net\/webdemo\/wp-content\/uploads\/2021\/02\/bench-accounting-C3V88BOoRoM-unsplash-1-scaled.jpg\" title=\"\" alt=\"\" loading=\"lazy\" \/>\t\t\t\t\t\t\t\t\t\t\t\t\t\t\t<\/div>\n\t\t\t\t<\/div>\n\t\t<div class=\"elementor-element elementor-element-20e9a35 e-con-full e-flex e-con e-child\" data-id=\"20e9a35\" data-element_type=\"container\" data-e-type=\"container\">\n\t\t\t\t<div class=\"elementor-element elementor-element-3895caa elementor-widget elementor-widget-heading\" data-id=\"3895caa\" data-element_type=\"widget\" data-e-type=\"widget\" data-widget_type=\"heading.default\">\n\t\t\t\t\t<h2 class=\"elementor-heading-title elementor-size-default\">Contamos con la plataforma Grades Garden para la entrada y entrega de notas, administraci\u00f3n de perfiles acad\u00e9micos y ofrecimientos de herramientas para la facilidad de comunicaci\u00f3n, reporte y <\/h2>\t\t\t\t<\/div>\n\t\t\t\t<\/div>\n\t\t\t\t\t<\/div>\n\t\t\t\t<\/div>\n\t\t\t\t<\/div>\n\t\t","protected":false},"excerpt":{"rendered":"<p>\u00bfQui\u00e9nes somos? Somos una instituci\u00f3n educativa de excelencia acad\u00e9mica dentro de un ambiente familiar, con \u00e9nfasis en valores cristianos. Somos una instituci\u00f3n educativa de excelencia acad\u00e9mica dentro de un ambiente familiar, con \u00e9nfasis en valores cristianos. Ubicaci\u00f3n Carr. # 863 Km. 1.4 en el pueblo de Toa Baja, Puerto Rico. Carr. # 863 Km. 1.4 en el pueblo de Toa [&hellip;]<\/p>\n","protected":false},"author":1,"featured_media":0,"parent":0,"menu_order":0,"comment_status":"open","ping_status":"closed","template":"elementor_header_footer","meta":{"_eb_attr":"","footnotes":""},"class_list":["post-22","page","type-page","status-publish","hentry"],"_links":{"self":[{"href":"https:\/\/www.academia-candelaria.org\/index.php\/wp-json\/wp\/v2\/pages\/22","targetHints":{"allow":["GET"]}}],"collection":[{"href":"https:\/\/www.academia-candelaria.org\/index.php\/wp-json\/wp\/v2\/pages"}],"about":[{"href":"https:\/\/www.academia-candelaria.org\/index.php\/wp-json\/wp\/v2\/types\/page"}],"author":[{"embeddable":true,"href":"https:\/\/www.academia-candelaria.org\/index.php\/wp-json\/wp\/v2\/users\/1"}],"replies":[{"embeddable":true,"href":"https:\/\/www.academia-candelaria.org\/index.php\/wp-json\/wp\/v2\/comments?post=22"}],"version-history":[{"count":50,"href":"https:\/\/www.academia-candelaria.org\/index.php\/wp-json\/wp\/v2\/pages\/22\/revisions"}],"predecessor-version":[{"id":11763,"href":"https:\/\/www.academia-candelaria.org\/index.php\/wp-json\/wp\/v2\/pages\/22\/revisions\/11763"}],"wp:attachment":[{"href":"https:\/\/www.academia-candelaria.org\/index.php\/wp-json\/wp\/v2\/media?parent=22"}],"curies":[{"name":"wp","href":"https:\/\/api.w.org\/{rel}","templated":true}]}}