{"id":11719,"date":"2026-03-27T01:04:06","date_gmt":"2026-03-27T01:04:06","guid":{"rendered":"https:\/\/www.academia-candelaria.org\/?page_id=11719"},"modified":"2026-03-27T23:52:26","modified_gmt":"2026-03-27T23:52:26","slug":"perfil-de-estudiante-graduado-de-acc","status":"publish","type":"page","link":"https:\/\/www.academia-candelaria.org\/index.php\/perfil-de-estudiante-graduado-de-acc\/","title":{"rendered":"Perfil del Estudiante Graduado de ACC"},"content":{"rendered":"\n<p>El estudiante graduado de la Academia Cristiana de Candelaria es una persona con una personalidad<br>integrada, formada de manera espiritual, moral, f\u00edsica, social, intelectual, afectiva y emocional,<br>fundamentada en los ideales y principios del Evangelio de Jes\u00fas.<\/p>\n\n\n\n<p><br>Demuestra una relaci\u00f3n arm\u00f3nica y consciente con Dios, consigo mismo, con el pr\u00f3jimo y con el<br>medioambiente, actuando con responsabilidad, respeto y amor en los distintos contextos de su vida.<br>Posee los conocimientos, destrezas, valores, virtudes humanas y actitudes necesarias para su<br>desarrollo integral y para contribuir al mejoramiento de la calidad de vida propia, de su familia y de su<br>comunidad.<\/p>\n\n\n\n<p><br>El estudiante graduado manifiesta una visi\u00f3n de servicio orientada al bien com\u00fan, aplica el<br>pensamiento cr\u00edtico, la curiosidad intelectual y la reconstrucci\u00f3n del conocimiento en su proceso de<br>aprendizaje, y participa activamente en experiencias de aprendizaje significativas que reconoce como<br>parte esencial de la vida misma.<\/p>\n\n\n\n<p><br>Se comunica y convive de manera respetuosa en ambientes diversos, promoviendo la cooperaci\u00f3n, la<br>solidaridad y la convivencia armoniosa. Reconoce el valor del trabajo conjunto entre el hogar, la<br>escuela, la iglesia y la comunidad, integr\u00e1ndose de forma positiva a estos espacios.<\/p>\n\n\n\n<p><br>Act\u00faa con \u00e9tica, sensibilidad social y apertura, sin discriminar por razones pol\u00edticas, religiosas, de<br>sexo, edad, color o condici\u00f3n f\u00edsica, y valora la educaci\u00f3n como un medio de transformaci\u00f3n personal<br>y social, asumida con responsabilidad y gratitud como parte del privilegio de ser colaborador de Dios.<\/p>\n\n\n\n<figure class=\"wp-block-image size-large\"><img fetchpriority=\"high\" decoding=\"async\" width=\"1024\" height=\"505\" src=\"https:\/\/www.academia-candelaria.org\/wp-content\/uploads\/2026\/03\/est-graduado-2-1024x505.jpg\" alt=\"\" class=\"wp-image-11723\" srcset=\"https:\/\/www.academia-candelaria.org\/wp-content\/uploads\/2026\/03\/est-graduado-2-1024x505.jpg 1024w, https:\/\/www.academia-candelaria.org\/wp-content\/uploads\/2026\/03\/est-graduado-2-300x148.jpg 300w, https:\/\/www.academia-candelaria.org\/wp-content\/uploads\/2026\/03\/est-graduado-2-768x379.jpg 768w, https:\/\/www.academia-candelaria.org\/wp-content\/uploads\/2026\/03\/est-graduado-2.jpg 1238w\" sizes=\"(max-width: 1024px) 100vw, 1024px\" \/><\/figure>\n","protected":false},"excerpt":{"rendered":"<p>El estudiante graduado de la Academia Cristiana de Candelaria es una persona con una personalidadintegrada, formada de manera espiritual, moral, f\u00edsica, social, intelectual, afectiva y emocional,fundamentada en los ideales y principios del Evangelio de Jes\u00fas. Demuestra una relaci\u00f3n arm\u00f3nica y consciente con Dios, consigo mismo, con el pr\u00f3jimo y con elmedioambiente, actuando con responsabilidad, respeto y amor en los distintos [&hellip;]<\/p>\n","protected":false},"author":2,"featured_media":11721,"parent":0,"menu_order":0,"comment_status":"closed","ping_status":"closed","template":"","meta":{"_eb_attr":"","footnotes":""},"class_list":["post-11719","page","type-page","status-publish","has-post-thumbnail","hentry"],"_links":{"self":[{"href":"https:\/\/www.academia-candelaria.org\/index.php\/wp-json\/wp\/v2\/pages\/11719","targetHints":{"allow":["GET"]}}],"collection":[{"href":"https:\/\/www.academia-candelaria.org\/index.php\/wp-json\/wp\/v2\/pages"}],"about":[{"href":"https:\/\/www.academia-candelaria.org\/index.php\/wp-json\/wp\/v2\/types\/page"}],"author":[{"embeddable":true,"href":"https:\/\/www.academia-candelaria.org\/index.php\/wp-json\/wp\/v2\/users\/2"}],"replies":[{"embeddable":true,"href":"https:\/\/www.academia-candelaria.org\/index.php\/wp-json\/wp\/v2\/comments?post=11719"}],"version-history":[{"count":3,"href":"https:\/\/www.academia-candelaria.org\/index.php\/wp-json\/wp\/v2\/pages\/11719\/revisions"}],"predecessor-version":[{"id":11747,"href":"https:\/\/www.academia-candelaria.org\/index.php\/wp-json\/wp\/v2\/pages\/11719\/revisions\/11747"}],"wp:featuredmedia":[{"embeddable":true,"href":"https:\/\/www.academia-candelaria.org\/index.php\/wp-json\/wp\/v2\/media\/11721"}],"wp:attachment":[{"href":"https:\/\/www.academia-candelaria.org\/index.php\/wp-json\/wp\/v2\/media?parent=11719"}],"curies":[{"name":"wp","href":"https:\/\/api.w.org\/{rel}","templated":true}]}}